{"id":275,"date":"2022-04-10T19:27:48","date_gmt":"2022-04-10T19:27:48","guid":{"rendered":"https:\/\/przedszkoleczekanow.pl\/?page_id=275"},"modified":"2022-05-15T10:58:30","modified_gmt":"2022-05-15T10:58:30","slug":"historia-przedszkola","status":"publish","type":"page","link":"https:\/\/przedszkoleczekanow.pl\/?page_id=275","title":{"rendered":"Historia Przedszkola"},"content":{"rendered":"<p>[et_pb_section fb_built=&#8221;1&#8243; admin_label=&#8221;Video&#8221; _builder_version=&#8221;3.22&#8243; locked=&#8221;off&#8221; global_colors_info=&#8221;{}&#8221; theme_builder_area=&#8221;post_content&#8221;][et_pb_row custom_padding_last_edited=&#8221;on|phone&#8221; _builder_version=&#8221;3.25&#8243; background_color=&#8221;#ffffff&#8221; max_width=&#8221;1280px&#8221; custom_margin=&#8221;60px|||&#8221; custom_padding=&#8221;|60px||60px|true|true&#8221; custom_padding_tablet=&#8221;|40px||40px||true&#8221; custom_padding_phone=&#8221;|20px||20px||true&#8221; box_shadow_style=&#8221;preset1&#8243; box_shadow_vertical=&#8221;50px&#8221; box_shadow_blur=&#8221;80px&#8221; box_shadow_color=&#8221;rgba(15,19,25,0.1)&#8221; use_custom_width=&#8221;on&#8221; custom_width_px=&#8221;1280px&#8221; global_colors_info=&#8221;{}&#8221; theme_builder_area=&#8221;post_content&#8221;][et_pb_column type=&#8221;4_4&#8243; _builder_version=&#8221;3.25&#8243; custom_padding=&#8221;|||&#8221; global_colors_info=&#8221;{}&#8221; custom_padding__hover=&#8221;|||&#8221; theme_builder_area=&#8221;post_content&#8221;][et_pb_text _builder_version=&#8221;4.14.8&#8243; header_font=&#8221;Ubuntu|700|||||||&#8221; header_text_color=&#8221;#6101ff&#8221; header_font_size=&#8221;48px&#8221; header_line_height=&#8221;1.2em&#8221; header_font_size_tablet=&#8221;38px&#8221; header_font_size_phone=&#8221;28px&#8221; header_font_size_last_edited=&#8221;on|phone&#8221; locked=&#8221;off&#8221; global_colors_info=&#8221;{}&#8221; theme_builder_area=&#8221;post_content&#8221;]<\/p>\n<h1>Nasza historia<\/h1>\n<p>[\/et_pb_text][et_pb_text _builder_version=&#8221;4.14.8&#8243; text_font=&#8221;||||||||&#8221; text_font_size=&#8221;15px&#8221; text_line_height=&#8221;2em&#8221; ul_font=&#8221;||||||||&#8221; ol_font=&#8221;||||||||&#8221; header_font=&#8221;||||||||&#8221; header_2_font=&#8221;||||||||&#8221; header_2_font_size=&#8221;50px&#8221; header_2_line_height=&#8221;1.3em&#8221; header_3_font=&#8221;||||||||&#8221; header_4_font=&#8221;|700||on|||||&#8221; header_4_text_color=&#8221;#ffdaa4&#8243; header_4_font_size=&#8221;12px&#8221; header_4_letter_spacing=&#8221;2px&#8221; header_4_line_height=&#8221;2em&#8221; header_5_font=&#8221;||||||||&#8221; header_6_font=&#8221;||||||||&#8221; hover_enabled=&#8221;0&#8243; text_line_height_tablet=&#8221;&#8221; text_line_height_phone=&#8221;1.6em&#8221; text_line_height_last_edited=&#8221;on|desktop&#8221; header_2_font_size_tablet=&#8221;40px&#8221; header_2_font_size_phone=&#8221;30px&#8221; header_2_font_size_last_edited=&#8221;on|phone&#8221; locked=&#8221;off&#8221; global_colors_info=&#8221;{}&#8221; theme_builder_area=&#8221;post_content&#8221; sticky_enabled=&#8221;0&#8243;]<\/p>\n<p>Publiczne Przedszkole w Czekanowie rozpocz\u0119\u0142o swoj\u0105 dzia\u0142alno\u015b\u0107 w 1959 roku.\u00a0 Mie\u015bci\u0142o si\u0119 wtedy w zabytkowym budynku przy ulicy \u015arodkowej w Czekanowie. Dyrektorem przedszkola by\u0142y kolejno Janina Wojciechowska, mgr Marta Biela, mgr Barbara Wr\u00f3bel. W 2012 roku przedszkole zosta\u0142o przeniesione do budynku przy ulicy Szkolnej, kt\u00f3ry to zajmowa\u0142a filia Szko\u0142y Podstawowej w Lewkowie. Plac\u00f3wka mie\u015bci\u0142a dwie grupy wiekowe. Od 1 wrze\u015bnia 2017 roku dyrektorem przedszkola zosta\u0142a mgr Violetta Dryga\u0142a. We wrze\u015bniu 2018 roku ca\u0142y budynek zosta\u0142 oddany do dyspozycji\u00a0 przedszkola.\u00a0 Organem prowadz\u0105cym przedszkole jest Gmina Ostr\u00f3w Wielkopolski. Obecnie do przedszkola ucz\u0119szcza 75 dzieci. Funkcjonuj\u0105 trzy grupy rozwojowe. Plac\u00f3wka\u00a0 czynna jest od poniedzia\u0142ku do pi\u0105tku w godzinach od 6.30 do 16.30. Dysponuje trzema s\u0142onecznymi salami zabaw dla dzieci. Sale s\u0105 dobrze wyposa\u017cenie w zabawki, pomoce dydaktyczne i k\u0105ciki tematyczne. Wszystko dostosowane do wieku i potrzeb rozwojowych przedszkolak\u00f3w. Dzieci korzystaj\u0105 z sali gimnastycznej na kt\u00f3rej odbywaj\u0105 si\u0119 zabawy ruchowe i \u0107wiczenia gimnastyczne z wykorzystaniem sprz\u0119tu sportowego oraz zaj\u0119cia korekcyjne i sensoryczne dla dzieci o szczeg\u00f3lnych potrzebach edukacyjnych. Wychowankowie maja mo\u017cliwo\u015b\u0107 aktywnego sp\u0119dzania czasu w dobrze wyposa\u017conym ogrodzie przedszkolnym. S\u0105 tam hu\u015btawki, karuzele, tyrolka, mini \u015bcianki wspinaczkowe. Na palcu zabaw obowi\u0105zuj\u0105 strefy wiekowe dala dzieci starszych i maluch\u00f3w. Wszystko to dla zachowana bezpiecze\u0144stwa i dobrej zabawy.<\/p>\n<p>Du\u017c\u0105 zalet\u0105\u00a0 naszego przedszkola jest w\u0142asna kuchnia i przyrz\u0105dzane na miejscu smaczne, domowe posi\u0142ki. Wypiekamy w\u0142asny chleb, bu\u0142eczki, ciasteczka z nisk\u0105 zawarto\u015bci\u0105 cukru, robimy jogurty, przetwory, hodujemy warzywa w przedszkolnym ogr\u00f3dku. Na drugie \u015bniadanie podawane s\u0105 przek\u0105ski z warzyw i owoc\u00f3w. Wszystko aby wpoi\u0107\u00a0 dzieciom zasady zdrowego od\u017cywiania oraz rozwija\u0107 ich upodobania kulinarne.<\/p>\n<p>Przedszkole zapewnia opiek\u0119 i zaj\u0119cia dydaktyczne w ramach kt\u00f3rych realizowana jest podstawa programowa wychowania przedszkolnego oraz przyj\u0119te programy nauczania i wychowania. Codziennie odbywaj\u0105 si\u0119 zaj\u0119cia i zabawy dydaktyczne, zabawy matematyczne, plastyczne, konstrukcyjne, zabawy \u015bpiewem, ta\u0144cem, ruchem oraz zabawy na powietrzu tj. spacery, wycieczki, zabawy na powietrzu. Jest te\u017c czas na zabaw\u0119 swobod\u0105 i zaj\u0119cia relaksacyjne.<\/p>\n<p>Dyrekcja i nauczyciela systematycznie poszukuj\u0105 i wdra\u017caj\u0105 nowatorskie rozwi\u0105zania\u00a0 organizacyjne i metodyczne, kt\u00f3re s\u0142u\u017c\u0105 rozwojowi dzieci i plac\u00f3wki. Przedszkole pracuje r\u00f3\u017cnymi metodami. Zaliczy\u0107 do nich nale\u017cy: metod\u0119 ruchu rozwijaj\u0105cego W. Sherborne, metod\u0119 gimnastyki tw\u00f3rczej R. Labana, metod\u0119 ruchu tw\u00f3rczego Carla Orffa, metod\u0119 dramy, pedagogik\u0119 zabawy Klanza. Na zaj\u0119ciach wykorzystywane s\u0105 elementy zabawy D. Dziamskiej. W \u015bwiat matematyki wprowadzaj\u0105 dzieci elementami metodyki D. Gruszczyk Kolczy\u0144skiej.<\/p>\n<p>Oferta edukacyjna plac\u00f3wki umo\u017cliwia rozw\u00f3j uzdolnie\u0144 i zainteresowa\u0144 ka\u017cdego dziecka. Dzieci maj\u0105 zapewniony szereg zaj\u0119\u0107 dodatkowych tj. warsztaty plastyczne, j. angielski, zaj\u0119cia rytmiczne, systematyczne prowadzone s\u0105 zaj\u0119cia logopedyczne, korekcyjno- kompensacyjne i rewalidacyjne. Priorytetem pracy plac\u00f3wki jest kszta\u0142towanie postaw proekologicznych. Wychowankowie bior\u0105 udzia\u0142 w og\u00f3lnopolskich akcjach i programach: &#8222;Kubusiowi Przyjaciele Natury&#8221;, &#8222;Akademia Aquafresh&#8221;, uczestnicz\u0105 w konkursach mi\u0119dzyprzedszkolnych i og\u00f3lnopolskich, akcjach charytatywnych. Wszystkie dzia\u0142ania przedszkola podejmowane s\u0105 w oparciu o diagnoz\u0119 potrzeb i mo\u017cliwo\u015bci wychowank\u00f3w, a systematycznie prowadzony monitoring osi\u0105gni\u0119\u0107 dzieci pozwala na modyfikacj\u0119 dzia\u0142a\u0144 w tym zakresie i dostosowanie ich do aktualnych potrzeb.\u00a0 Przedszkole posiada jasno sprecyzowany system norm i warto\u015bci, kt\u00f3ry funkcjonuje w formie &#8222;Kodeksu Grupy&#8221;. W plac\u00f3wce funkcjonuje opracowany program adaptacyjny &#8222;Pierwszy dzie\u0144 w przedszkolu&#8221;, kt\u00f3ry obejmuje dzia\u0142ania skierowane do dzieci, jak i ich rodzic\u00f3w. Przedszkole wsp\u00f3\u0142pracuje z rodzicami, bior\u0105c pod uwagi ich sugestie i pomys\u0142y. Organizuje si\u0119 zaj\u0119cia otwarte, konsultacje z rodzicami, spotkania ze specjalistami . Dzi\u0119ki podejmowanym dzia\u0142aniom przedszkole zapewnia wychowankom poczucie bezpiecze\u0144stwa, nie tylko fizycznego ale i emocjonalnego. Plac\u00f3wka umieszcza wiadomo\u015bci o \u017cyciu przedszkola na stronie facebook\u00a0 Przedszkole w Czekanowie oraz stronie internetowej.<\/p>\n<p>&nbsp;<\/p>\n<p>&nbsp;<\/p>\n<p>[\/et_pb_text][\/et_pb_column][\/et_pb_row][\/et_pb_section]<\/p>\n","protected":false},"excerpt":{"rendered":"<p>Nasza historiaPubliczne Przedszkole w Czekanowie rozpocz\u0119\u0142o swoj\u0105 dzia\u0142alno\u015b\u0107 w 1959 roku.\u00a0 Mie\u015bci\u0142o si\u0119 wtedy w zabytkowym budynku przy ulicy \u015arodkowej w Czekanowie. Dyrektorem przedszkola by\u0142y kolejno Janina Wojciechowska, mgr Marta Biela, mgr Barbara Wr\u00f3bel. W 2012 roku przedszkole zosta\u0142o przeniesione do budynku przy ulicy Szkolnej, kt\u00f3ry to zajmowa\u0142a filia Szko\u0142y Podstawowej w Lewkowie. Plac\u00f3wka mie\u015bci\u0142a [&hellip;]<\/p>\n","protected":false},"author":1,"featured_media":0,"parent":0,"menu_order":0,"comment_status":"closed","ping_status":"closed","template":"","meta":{"_et_pb_use_builder":"on","_et_pb_old_content":"","_et_gb_content_width":"","footnotes":""},"class_list":["post-275","page","type-page","status-publish","hentry"],"_links":{"self":[{"href":"https:\/\/przedszkoleczekanow.pl\/index.php?rest_route=\/wp\/v2\/pages\/275","targetHints":{"allow":["GET"]}}],"collection":[{"href":"https:\/\/przedszkoleczekanow.pl\/index.php?rest_route=\/wp\/v2\/pages"}],"about":[{"href":"https:\/\/przedszkoleczekanow.pl\/index.php?rest_route=\/wp\/v2\/types\/page"}],"author":[{"embeddable":true,"href":"https:\/\/przedszkoleczekanow.pl\/index.php?rest_route=\/wp\/v2\/users\/1"}],"replies":[{"embeddable":true,"href":"https:\/\/przedszkoleczekanow.pl\/index.php?rest_route=%2Fwp%2Fv2%2Fcomments&post=275"}],"version-history":[{"count":3,"href":"https:\/\/przedszkoleczekanow.pl\/index.php?rest_route=\/wp\/v2\/pages\/275\/revisions"}],"predecessor-version":[{"id":792,"href":"https:\/\/przedszkoleczekanow.pl\/index.php?rest_route=\/wp\/v2\/pages\/275\/revisions\/792"}],"wp:attachment":[{"href":"https:\/\/przedszkoleczekanow.pl\/index.php?rest_route=%2Fwp%2Fv2%2Fmedia&parent=275"}],"curies":[{"name":"wp","href":"https:\/\/api.w.org\/{rel}","templated":true}]}}