{"id":2805,"date":"2024-02-29T09:10:19","date_gmt":"2024-02-29T09:10:19","guid":{"rendered":"https:\/\/przedszkoleczekanow.pl\/?page_id=2805"},"modified":"2025-03-02T19:46:13","modified_gmt":"2025-03-02T19:46:13","slug":"logopeda","status":"publish","type":"page","link":"https:\/\/przedszkoleczekanow.pl\/?page_id=2805","title":{"rendered":"Logopeda"},"content":{"rendered":"\n<p>Terapeuta, to przede wszystkim kreator zaj\u0119\u0107, dzieci za to pi\u0119knie si\u0119 odwdzi\u0119czaj\u0105<img loading=\"lazy\" decoding=\"async\" height=\"16\" width=\"16\" alt=\"\u2764\ufe0f\" src=\"https:\/\/static.xx.fbcdn.net\/images\/emoji.php\/v9\/t6c\/1\/16\/2764.png\">.<\/p>\n\n\n\n<p>M\u00f3j program profilaktyczny \u201eLogopedia w ruchu\u201d autorstwa S. Matuszny, wg kt\u00f3rego pracuj\u0119 w Publicznym Przedszkolu w Czekanowie, oparty jest na innowacji pedagogicznej w zakresie zaj\u0119\u0107 logopedycznych \u201eLogopedia w ruchu \u2013 \u015bcie\u017cka sensoryczna, jako wsparcie terapii logopedycznej\u201d. Podczas sesji, dziecko wykonuje r\u00f3\u017cne aktywno\u015bci dostosowane do jego potrzeb w ramach zaj\u0119\u0107 logopedii i SI, kt\u00f3ra <a><\/a>bywa cz\u0119sto okre\u015blana cz\u0119sto mianem \u201enaukowej zabawy\u201d. Tak organizuj\u0119 przestrze\u0144 i planuj\u0119 zabawy, aby stwarza\u0107 dziecku sytuacje do jak najlepszej adaptacji.<\/p>\n\n\n\n<figure class=\"wp-block-gallery has-nested-images columns-default is-cropped wp-block-gallery-1 is-layout-flex wp-block-gallery-is-layout-flex\">\n<figure class=\"wp-block-image\"><img decoding=\"async\" src=\"https:\/\/scontent.fpoz2-1.fna.fbcdn.net\/v\/t39.30808-6\/481335569_1159263315989177_7175270316756642551_n.jpg?_nc_cat=108&amp;ccb=1-7&amp;_nc_sid=833d8c&amp;_nc_ohc=uBvhpeB-UzwQ7kNvgEL_-WO&amp;_nc_oc=AdhEoNC2HqxtFSA5YuOgieBZI78vTMc4QsXSSPAz-F7eytlHkFhd2A3_PI-MaNobUzs&amp;_nc_zt=23&amp;_nc_ht=scontent.fpoz2-1.fna&amp;_nc_gid=A8Jj4TGAUc21553I8ICLZ4W&amp;oh=00_AYAiUOCHql--z-V9u03fgXbeUg31I9bz_70MiEac8ByWOg&amp;oe=67CA7C6D\" alt=\"Mo\u017ce by\u0107 zdj\u0119ciem przedstawiaj\u0105cym 2 osoby\"\/><\/figure>\n\n\n\n<figure class=\"wp-block-image\"><img decoding=\"async\" src=\"https:\/\/scontent.fpoz2-1.fna.fbcdn.net\/v\/t39.30808-6\/481059221_1159265872655588_231824254968700065_n.jpg?_nc_cat=106&amp;ccb=1-7&amp;_nc_sid=833d8c&amp;_nc_ohc=_UjQeJFT9cgQ7kNvgE-MhLO&amp;_nc_oc=Adj-McnDcqmYf0Ui-3uPqqBKf_M6I_mUUuES_30NnHUJjy-5ivYluxqzrxFAUsXaW9Y&amp;_nc_zt=23&amp;_nc_ht=scontent.fpoz2-1.fna&amp;_nc_gid=AW6AtrYm-deKBiA8enAXJ0w&amp;oh=00_AYBgXCJQ6rEwvrRNPPdbGgEnMY6Ps7ylU8ohrdnFpPxeig&amp;oe=67CA80A2\" alt=\"Mo\u017ce by\u0107 zdj\u0119ciem przedstawiaj\u0105cym 1 osoba, dziecko, w\u0142osy blond i \u015bmiech\"\/><\/figure>\n<\/figure>\n\n\n\n<figure class=\"wp-block-image\"><img decoding=\"async\" src=\"https:\/\/scontent.fpoz2-1.fna.fbcdn.net\/v\/t39.30808-6\/481133908_1159264512655724_6262893163581786793_n.jpg?_nc_cat=103&amp;ccb=1-7&amp;_nc_sid=833d8c&amp;_nc_ohc=uPq1u3l1KwEQ7kNvgGad27I&amp;_nc_oc=AdhMdrbFZN0nfe2aS27pQDeuO3cLInCE-zPhOGzzNkf5zgzrZlWM6p6tedbqk9yF_RE&amp;_nc_zt=23&amp;_nc_ht=scontent.fpoz2-1.fna&amp;_nc_gid=ARhnZQE_Rt1AU4l-uhy4tBY&amp;oh=00_AYAw1Ex-JBD5dBCQIrN6hWX_lLqIRH7wz8kR0AjQbbSd1A&amp;oe=67CA6A50\" alt=\"Mo\u017ce by\u0107 zdj\u0119ciem przedstawiaj\u0105cym 3 osoby i dziecko\"\/><\/figure>\n\n\n\n<figure class=\"wp-block-gallery has-nested-images columns-default is-cropped wp-block-gallery-2 is-layout-flex wp-block-gallery-is-layout-flex\">\n<figure class=\"wp-block-image\"><img decoding=\"async\" src=\"https:\/\/scontent.fpoz2-1.fna.fbcdn.net\/v\/t39.30808-6\/481172670_1159263879322454_3993464370478831423_n.jpg?_nc_cat=110&amp;ccb=1-7&amp;_nc_sid=833d8c&amp;_nc_ohc=z_Yuzdj3rLcQ7kNvgFoVVE1&amp;_nc_oc=Adg7KMSV1uCSMU8vcZHIo9dCex6T-iFaVQSHJGsqFAnffl6rI4KQpEoeV8QLmGmQGes&amp;_nc_zt=23&amp;_nc_ht=scontent.fpoz2-1.fna&amp;_nc_gid=A4vEX91KSt9yomY2gjE6urc&amp;oh=00_AYCme7yAZJAxdu6PmIJ0p9JbNPXz9672_12_DlZt1hBGvA&amp;oe=67CA9017\" alt=\"Mo\u017ce by\u0107 zdj\u0119ciem przedstawiaj\u0105cym 1 osoba, dziecko i nap\u00f3j\"\/><\/figure>\n\n\n\n<figure class=\"wp-block-image\"><img decoding=\"async\" src=\"https:\/\/scontent.fpoz2-1.fna.fbcdn.net\/v\/t39.30808-6\/481062764_1159265895988919_6499062698133884769_n.jpg?_nc_cat=105&amp;ccb=1-7&amp;_nc_sid=833d8c&amp;_nc_ohc=_xxCYDZ0K7kQ7kNvgFzkZPm&amp;_nc_oc=AdjtUMW0IM8ul5hb0jj6OsjJTsKdWv2OHyyFJjE2ol-tzWMNMBVKL_KQULMpFi3Qubs&amp;_nc_zt=23&amp;_nc_ht=scontent.fpoz2-1.fna&amp;_nc_gid=AtCD6m4CzL2bY5Kvg5D_nbO&amp;oh=00_AYCHoqmnndm-1sgIBWRFAbsuNSNT6uGqLk634qwrkBqYVA&amp;oe=67CA8D13\" alt=\"Mo\u017ce by\u0107 zdj\u0119ciem przedstawiaj\u0105cym 1 osoba, dziecko i tekst \u201eREDMI NOTE REDMINOTE9PRO 9 PRO AIQUADCAMERA Al QUAD\u201d\"\/><\/figure>\n<\/figure>\n\n\n\n<figure class=\"wp-block-image\"><img decoding=\"async\" src=\"https:\/\/scontent.fpoz2-1.fna.fbcdn.net\/v\/t39.30808-6\/481056149_1159266612655514_4271300730370281172_n.jpg?_nc_cat=103&amp;ccb=1-7&amp;_nc_sid=833d8c&amp;_nc_ohc=Cs-9YryXLikQ7kNvgE8G9Lw&amp;_nc_oc=AdjCkgBLTP6o9KnKRe0qNxE61DUK4hXwz0kUgPuACwCa2aUthFvJhpT92pRMphtniGE&amp;_nc_zt=23&amp;_nc_ht=scontent.fpoz2-1.fna&amp;_nc_gid=Ac05dL3Y0UgT9q5MITVd0pb&amp;oh=00_AYBw-uC3AwvhkpWn6BgGgtW5vkT186jIgcY2b5eYshRrxA&amp;oe=67CA792D\" alt=\"Mo\u017ce by\u0107 zdj\u0119ciem przedstawiaj\u0105cym 3 osoby i ludzie ucz\u0105 si\u0119\"\/><\/figure>\n\n\n\n<figure class=\"wp-block-gallery has-nested-images columns-default is-cropped wp-block-gallery-3 is-layout-flex wp-block-gallery-is-layout-flex\">\n<figure class=\"wp-block-image\"><img decoding=\"async\" src=\"https:\/\/scontent.fpoz2-1.fna.fbcdn.net\/v\/t39.30808-6\/480916829_1159264862655689_7830752473041124231_n.jpg?_nc_cat=100&amp;ccb=1-7&amp;_nc_sid=833d8c&amp;_nc_ohc=sh_4tpMlzEcQ7kNvgEd3cpu&amp;_nc_oc=AdiNGIF8AVi7GCoxTpOmxqYOoyFmgKxLoIerDbzNmhcxUMWCOEAZJlmIy3YLleK31BE&amp;_nc_zt=23&amp;_nc_ht=scontent.fpoz2-1.fna&amp;_nc_gid=AFRyP9js3kJmS-ulq-KPbQg&amp;oh=00_AYBTHOg72xoQ9F49niyiKY1heooBclDfy_tP29CMC8xxEA&amp;oe=67CA8B46\" alt=\"Mo\u017ce by\u0107 zdj\u0119ciem przedstawiaj\u0105cym \u200e1 osoba, dziecko i \u200etekst \u201e\u200ePASOWANIE NA PRZEDSZKOLAKA PRZED Fi \u064a\u0627\u0644\u200e\u201d\u200e\u200e\"\/><\/figure>\n\n\n\n<figure class=\"wp-block-image\"><img decoding=\"async\" src=\"https:\/\/scontent.fpoz2-1.fna.fbcdn.net\/v\/t39.30808-6\/481023306_1159266259322216_5354245205833863648_n.jpg?_nc_cat=107&amp;ccb=1-7&amp;_nc_sid=833d8c&amp;_nc_ohc=c_8vimwb5f8Q7kNvgECrQzQ&amp;_nc_oc=AdjC-atiFYCtEP9xxcJtOG7daK7By871BixBAb-Ij8Vlq3300jslM2oO3mGZbGM2XJ4&amp;_nc_zt=23&amp;_nc_ht=scontent.fpoz2-1.fna&amp;_nc_gid=ACGLcBH8TVql9SyLC8qTZz8&amp;oh=00_AYD5XQen0Kp0YSmRWuuUJsvMLG2j1r3ocjCBF2wAQrDvFQ&amp;oe=67CA793A\" alt=\"Mo\u017ce by\u0107 zdj\u0119ciem przedstawiaj\u0105cym 2 osoby, dziecko i nap\u00f3j\"\/><\/figure>\n<\/figure>\n\n\n\n<figure class=\"wp-block-image\"><img decoding=\"async\" src=\"https:\/\/scontent.fpoz2-1.fna.fbcdn.net\/v\/t39.30808-6\/481023295_1159266295988879_1850149693258561229_n.jpg?_nc_cat=107&amp;ccb=1-7&amp;_nc_sid=833d8c&amp;_nc_ohc=5r11JTfrXN0Q7kNvgEJHVWj&amp;_nc_oc=AdgId2QNe9M9KghBUtKpqm0QHq3gXOAC2a2m8sING2EAE9mnrktBjIM8-2MKDlJvjt4&amp;_nc_zt=23&amp;_nc_ht=scontent.fpoz2-1.fna&amp;_nc_gid=AYTX7J9_7oGAPqzTjbib0fS&amp;oh=00_AYCFjb4xH-GOKeXWUyNqyzjqv_2zrMGMxZY19WnCFX0kwQ&amp;oe=67CA6BF1\" alt=\"Mo\u017ce by\u0107 zdj\u0119ciem przedstawiaj\u0105cym 2 osoby, ludzie ucz\u0105 si\u0119 i zabawka dla dzieci\"\/><\/figure>\n","protected":false},"excerpt":{"rendered":"<p>Terapeuta, to przede wszystkim kreator zaj\u0119\u0107, dzieci za to pi\u0119knie si\u0119 odwdzi\u0119czaj\u0105. M\u00f3j program profilaktyczny \u201eLogopedia w ruchu\u201d autorstwa S. Matuszny, wg kt\u00f3rego pracuj\u0119 w Publicznym Przedszkolu w Czekanowie, oparty jest na innowacji pedagogicznej w zakresie zaj\u0119\u0107 logopedycznych \u201eLogopedia w ruchu \u2013 \u015bcie\u017cka sensoryczna, jako wsparcie terapii logopedycznej\u201d. Podczas sesji, dziecko wykonuje r\u00f3\u017cne aktywno\u015bci dostosowane [&hellip;]<\/p>\n","protected":false},"author":2,"featured_media":3225,"parent":2,"menu_order":0,"comment_status":"closed","ping_status":"closed","template":"","meta":{"_et_pb_use_builder":"off","_et_pb_old_content":"","_et_gb_content_width":"","footnotes":""},"class_list":["post-2805","page","type-page","status-publish","has-post-thumbnail","hentry"],"_links":{"self":[{"href":"https:\/\/przedszkoleczekanow.pl\/index.php?rest_route=\/wp\/v2\/pages\/2805","targetHints":{"allow":["GET"]}}],"collection":[{"href":"https:\/\/przedszkoleczekanow.pl\/index.php?rest_route=\/wp\/v2\/pages"}],"about":[{"href":"https:\/\/przedszkoleczekanow.pl\/index.php?rest_route=\/wp\/v2\/types\/page"}],"author":[{"embeddable":true,"href":"https:\/\/przedszkoleczekanow.pl\/index.php?rest_route=\/wp\/v2\/users\/2"}],"replies":[{"embeddable":true,"href":"https:\/\/przedszkoleczekanow.pl\/index.php?rest_route=%2Fwp%2Fv2%2Fcomments&post=2805"}],"version-history":[{"count":3,"href":"https:\/\/przedszkoleczekanow.pl\/index.php?rest_route=\/wp\/v2\/pages\/2805\/revisions"}],"predecessor-version":[{"id":3246,"href":"https:\/\/przedszkoleczekanow.pl\/index.php?rest_route=\/wp\/v2\/pages\/2805\/revisions\/3246"}],"up":[{"embeddable":true,"href":"https:\/\/przedszkoleczekanow.pl\/index.php?rest_route=\/wp\/v2\/pages\/2"}],"wp:featuredmedia":[{"embeddable":true,"href":"https:\/\/przedszkoleczekanow.pl\/index.php?rest_route=\/wp\/v2\/media\/3225"}],"wp:attachment":[{"href":"https:\/\/przedszkoleczekanow.pl\/index.php?rest_route=%2Fwp%2Fv2%2Fmedia&parent=2805"}],"curies":[{"name":"wp","href":"https:\/\/api.w.org\/{rel}","templated":true}]}}