{"id":293,"date":"2022-04-10T19:32:16","date_gmt":"2022-04-10T19:32:16","guid":{"rendered":"https:\/\/przedszkoleczekanow.pl\/?page_id=293"},"modified":"2022-05-11T07:08:55","modified_gmt":"2022-05-11T07:08:55","slug":"dokumenty-do-pobrania","status":"publish","type":"page","link":"https:\/\/przedszkoleczekanow.pl\/?page_id=293","title":{"rendered":"Dokumenty Do Pobrania"},"content":{"rendered":"<p>[et_pb_section fb_built=&#8221;1&#8243; _builder_version=&#8221;4.14.8&#8243; _module_preset=&#8221;default&#8221; global_colors_info=&#8221;{}&#8221;][et_pb_row custom_padding_last_edited=&#8221;on|phone&#8221; _builder_version=&#8221;4.14.8&#8243; _module_preset=&#8221;default&#8221; background_color=&#8221;#ffffff&#8221; max_width=&#8221;1280px&#8221; custom_margin=&#8221;60px|||&#8221; custom_padding=&#8221;60px|60px|60px|60px|true|true&#8221; custom_padding_tablet=&#8221;|40px||40px||true&#8221; custom_padding_phone=&#8221;|20px||20px||true&#8221; border_radii=&#8221;off|||12px|12px&#8221; box_shadow_style=&#8221;preset1&#8243; box_shadow_vertical=&#8221;50px&#8221; box_shadow_blur=&#8221;80px&#8221; box_shadow_color=&#8221;rgba(15,19,25,0.1)&#8221; global_colors_info=&#8221;{}&#8221;][et_pb_column type=&#8221;4_4&#8243; _builder_version=&#8221;4.14.8&#8243; _module_preset=&#8221;default&#8221; global_colors_info=&#8221;{}&#8221;][et_pb_text _builder_version=&#8221;4.14.8&#8243; header_font=&#8221;Ubuntu|700|||||||&#8221; header_text_color=&#8221;#6101ff&#8221; header_font_size=&#8221;48px&#8221; header_line_height=&#8221;1.2em&#8221; header_font_size_tablet=&#8221;38px&#8221; header_font_size_phone=&#8221;28px&#8221; header_font_size_last_edited=&#8221;on|phone&#8221; locked=&#8221;off&#8221; global_colors_info=&#8221;{}&#8221;]<\/p>\n<h1>Pliki do pobrania<\/h1>\n<p>[\/et_pb_text][et_pb_text _builder_version=&#8221;4.14.8&#8243; _module_preset=&#8221;default&#8221; global_colors_info=&#8221;{}&#8221;]<\/p>\n<p><a href=\"https:\/\/przedszkoleczekanow.pl\/wp-content\/uploads\/2022\/04\/deklaracja-kontynuacji-przedszkola.pdf\" rel=\"attachment wp-att-380\"><img loading=\"lazy\" decoding=\"async\" src=\"https:\/\/przedszkoleczekanow.pl\/wp-content\/uploads\/2022\/04\/strzalka.png\" width=\"9\" height=\"12\" alt=\"\" class=\"wp-image-392 alignnone size-full\" \/>\u00a0 \u00a0Deklaracja kontynuacji przedszkola<\/a><\/p>\n<p><a href=\"https:\/\/przedszkoleczekanow.pl\/wp-content\/uploads\/2022\/04\/Deklaracja-pobytu-godzinowego-dziecka-w-przedszkolu-.pdf\" rel=\"attachment wp-att-381\"><img loading=\"lazy\" decoding=\"async\" src=\"https:\/\/przedszkoleczekanow.pl\/wp-content\/uploads\/2022\/04\/strzalka.png\" width=\"9\" height=\"12\" alt=\"\" class=\"wp-image-392 alignnone size-full\" \/>\u00a0 \u00a0Deklaracja pobytu godzinowego dziecka w przedszkolu<\/a><\/p>\n<p><a href=\"https:\/\/przedszkoleczekanow.pl\/wp-content\/uploads\/2022\/04\/WNIOSEK-O-PRZYJECIE-DO-PRZEDSZKOLA.pdf\" rel=\"attachment wp-att-389\"><img loading=\"lazy\" decoding=\"async\" src=\"https:\/\/przedszkoleczekanow.pl\/wp-content\/uploads\/2022\/04\/strzalka.png\" width=\"9\" height=\"12\" alt=\"\" class=\"wp-image-392 alignnone size-full\" \/>\u00a0 \u00a0Wniosek o przyj\u0119cie do przedszkola<\/a><\/p>\n<p><a href=\"https:\/\/przedszkoleczekanow.pl\/wp-content\/uploads\/2022\/04\/Oswiadczenie-o-miejscu-zamieszkania-dziecka.pdf\" rel=\"attachment wp-att-388\"><img loading=\"lazy\" decoding=\"async\" src=\"https:\/\/przedszkoleczekanow.pl\/wp-content\/uploads\/2022\/04\/strzalka.png\" width=\"9\" height=\"12\" alt=\"\" class=\"wp-image-392 alignnone size-full\" \/>\u00a0 \u00a0O\u015bwiadczenie o miejscu zamieszkania dziecka<\/a><\/p>\n<p><a href=\"https:\/\/przedszkoleczekanow.pl\/wp-content\/uploads\/2022\/04\/OSWIADCZENIE-O-REZYGNACJI-Z-MIEJSCA-W-PRZEDSZKOLU.pdf\" rel=\"attachment wp-att-387\"><img loading=\"lazy\" decoding=\"async\" src=\"https:\/\/przedszkoleczekanow.pl\/wp-content\/uploads\/2022\/04\/strzalka.png\" width=\"9\" height=\"12\" alt=\"\" class=\"wp-image-392 alignnone size-full\" \/>\u00a0 \u00a0O\u015bwiadczenie o rezygnacji miejsca w przedszkolu<\/a><\/p>\n<p><a href=\"https:\/\/przedszkoleczekanow.pl\/wp-content\/uploads\/2022\/04\/Osw.-o-uczeszczaniu-rodzenstwa-do-szkoly.pdf\" rel=\"attachment wp-att-386\"><img loading=\"lazy\" decoding=\"async\" src=\"https:\/\/przedszkoleczekanow.pl\/wp-content\/uploads\/2022\/04\/strzalka.png\" width=\"9\" height=\"12\" alt=\"\" class=\"wp-image-392 alignnone size-full\" \/>\u00a0 \u00a0O\u015bwiadczenie o ucz\u0119szczaniu rodze\u0144stwa do szko\u0142y<\/a><\/p>\n<p><a href=\"https:\/\/przedszkoleczekanow.pl\/wp-content\/uploads\/2022\/04\/Osw.-o-uczeszczanie-rodzenstwa-do-przedszkola.pdf\" rel=\"attachment wp-att-385\"><img loading=\"lazy\" decoding=\"async\" src=\"https:\/\/przedszkoleczekanow.pl\/wp-content\/uploads\/2022\/04\/strzalka.png\" width=\"9\" height=\"12\" alt=\"\" class=\"wp-image-392 alignnone size-full\" \/>\u00a0 \u00a0O\u015bwiadczenie o ucz\u0119szczanie rodze\u0144stwa do przedszkola<\/a><\/p>\n<p><a href=\"https:\/\/przedszkoleczekanow.pl\/wp-content\/uploads\/2022\/04\/Osw.-o-miejscu-zatrudniena-rodzica.pdf\" rel=\"attachment wp-att-384\"><img loading=\"lazy\" decoding=\"async\" src=\"https:\/\/przedszkoleczekanow.pl\/wp-content\/uploads\/2022\/04\/strzalka.png\" width=\"9\" height=\"12\" alt=\"\" class=\"wp-image-392 alignnone size-full\" \/>\u00a0 \u00a0O\u015bwiadczenie o miejscu zatrudniena rodzica<\/a><\/p>\n<p><a href=\"https:\/\/przedszkoleczekanow.pl\/wp-content\/uploads\/2022\/04\/KLAUZULA-infor.-dot.-RODO.pdf\" rel=\"attachment wp-att-383\"><img loading=\"lazy\" decoding=\"async\" src=\"https:\/\/przedszkoleczekanow.pl\/wp-content\/uploads\/2022\/04\/strzalka.png\" width=\"9\" height=\"12\" alt=\"\" class=\"wp-image-392 alignnone size-full\" \/>\u00a0 \u00a0Klauzula &#8211; informacje dotycz\u0105ce RODO<\/a><\/p>\n<p><a href=\"https:\/\/przedszkoleczekanow.pl\/wp-content\/uploads\/2022\/04\/karta-informacyjna-przyjecia.pdf\" rel=\"attachment wp-att-382\"><img loading=\"lazy\" decoding=\"async\" src=\"https:\/\/przedszkoleczekanow.pl\/wp-content\/uploads\/2022\/04\/strzalka.png\" width=\"9\" height=\"12\" alt=\"\" class=\"wp-image-392 alignnone size-full\" \/>\u00a0 \u00a0Karta informacyjna &#8211; przyj\u0119cia<\/a><\/p>\n<p>[\/et_pb_text][\/et_pb_column][\/et_pb_row][\/et_pb_section]<\/p>\n","protected":false},"excerpt":{"rendered":"<p>Pliki do pobrania\u00a0 \u00a0Deklaracja kontynuacji przedszkola \u00a0 \u00a0Deklaracja pobytu godzinowego dziecka w przedszkolu \u00a0 \u00a0Wniosek o przyj\u0119cie do przedszkola \u00a0 \u00a0O\u015bwiadczenie o miejscu zamieszkania dziecka \u00a0 \u00a0O\u015bwiadczenie o rezygnacji miejsca w przedszkolu \u00a0 \u00a0O\u015bwiadczenie o ucz\u0119szczaniu rodze\u0144stwa do szko\u0142y \u00a0 \u00a0O\u015bwiadczenie o ucz\u0119szczanie rodze\u0144stwa do przedszkola \u00a0 \u00a0O\u015bwiadczenie o miejscu zatrudniena rodzica \u00a0 \u00a0Klauzula &#8211; [&hellip;]<\/p>\n","protected":false},"author":1,"featured_media":0,"parent":0,"menu_order":0,"comment_status":"closed","ping_status":"closed","template":"","meta":{"_et_pb_use_builder":"on","_et_pb_old_content":"<!-- wp:divi\/placeholder \/-->","_et_gb_content_width":"","footnotes":""},"class_list":["post-293","page","type-page","status-publish","hentry"],"_links":{"self":[{"href":"https:\/\/przedszkoleczekanow.pl\/index.php?rest_route=\/wp\/v2\/pages\/293","targetHints":{"allow":["GET"]}}],"collection":[{"href":"https:\/\/przedszkoleczekanow.pl\/index.php?rest_route=\/wp\/v2\/pages"}],"about":[{"href":"https:\/\/przedszkoleczekanow.pl\/index.php?rest_route=\/wp\/v2\/types\/page"}],"author":[{"embeddable":true,"href":"https:\/\/przedszkoleczekanow.pl\/index.php?rest_route=\/wp\/v2\/users\/1"}],"replies":[{"embeddable":true,"href":"https:\/\/przedszkoleczekanow.pl\/index.php?rest_route=%2Fwp%2Fv2%2Fcomments&post=293"}],"version-history":[{"count":8,"href":"https:\/\/przedszkoleczekanow.pl\/index.php?rest_route=\/wp\/v2\/pages\/293\/revisions"}],"predecessor-version":[{"id":727,"href":"https:\/\/przedszkoleczekanow.pl\/index.php?rest_route=\/wp\/v2\/pages\/293\/revisions\/727"}],"wp:attachment":[{"href":"https:\/\/przedszkoleczekanow.pl\/index.php?rest_route=%2Fwp%2Fv2%2Fmedia&parent=293"}],"curies":[{"name":"wp","href":"https:\/\/api.w.org\/{rel}","templated":true}]}}