{"id":299,"date":"2022-04-10T19:33:35","date_gmt":"2022-04-10T19:33:35","guid":{"rendered":"https:\/\/przedszkoleczekanow.pl\/?page_id=299"},"modified":"2022-05-19T20:07:00","modified_gmt":"2022-05-19T20:07:00","slug":"zajecia-dodatkowe","status":"publish","type":"page","link":"https:\/\/przedszkoleczekanow.pl\/?page_id=299","title":{"rendered":"Zaj\u0119cia Dodatkowe"},"content":{"rendered":"<p>[et_pb_section fb_built=&#8221;1&#8243; admin_label=&#8221;Video&#8221; _builder_version=&#8221;3.22&#8243; locked=&#8221;off&#8221; global_colors_info=&#8221;{}&#8221;][et_pb_row custom_padding_last_edited=&#8221;on|phone&#8221; _builder_version=&#8221;3.25&#8243; background_color=&#8221;#ffffff&#8221; max_width=&#8221;1280px&#8221; custom_margin=&#8221;60px|||&#8221; custom_padding=&#8221;|60px||60px|true|true&#8221; custom_padding_tablet=&#8221;|40px||40px||true&#8221; custom_padding_phone=&#8221;|20px||20px||true&#8221; box_shadow_style=&#8221;preset1&#8243; box_shadow_vertical=&#8221;50px&#8221; box_shadow_blur=&#8221;80px&#8221; box_shadow_color=&#8221;rgba(15,19,25,0.1)&#8221; use_custom_width=&#8221;on&#8221; custom_width_px=&#8221;1280px&#8221; global_colors_info=&#8221;{}&#8221;][et_pb_column type=&#8221;4_4&#8243; _builder_version=&#8221;3.25&#8243; custom_padding=&#8221;|||&#8221; global_colors_info=&#8221;{}&#8221; custom_padding__hover=&#8221;|||&#8221;][et_pb_text _builder_version=&#8221;4.14.8&#8243; header_font=&#8221;Ubuntu|700|||||||&#8221; header_text_color=&#8221;#6101ff&#8221; header_font_size=&#8221;48px&#8221; header_line_height=&#8221;1.2em&#8221; header_font_size_tablet=&#8221;38px&#8221; header_font_size_phone=&#8221;28px&#8221; header_font_size_last_edited=&#8221;on|phone&#8221; locked=&#8221;off&#8221; global_colors_info=&#8221;{}&#8221;]<\/p>\n<h1>Zaj\u0119cia dodatkowe<\/h1>\n<p>[\/et_pb_text][et_pb_text _builder_version=&#8221;4.14.8&#8243; text_font=&#8221;||||||||&#8221; text_font_size=&#8221;15px&#8221; text_line_height=&#8221;2em&#8221; ul_font=&#8221;||||||||&#8221; ol_font=&#8221;||||||||&#8221; header_font=&#8221;||||||||&#8221; header_2_font=&#8221;||||||||&#8221; header_2_font_size=&#8221;50px&#8221; header_2_line_height=&#8221;1.3em&#8221; header_3_font=&#8221;||||||||&#8221; header_4_font=&#8221;|700||on|||||&#8221; header_4_text_color=&#8221;#ffdaa4&#8243; header_4_font_size=&#8221;12px&#8221; header_4_letter_spacing=&#8221;2px&#8221; header_4_line_height=&#8221;2em&#8221; header_5_font=&#8221;||||||||&#8221; header_6_font=&#8221;||||||||&#8221; custom_margin=&#8221;50px||||false|false&#8221; text_line_height_tablet=&#8221;&#8221; text_line_height_phone=&#8221;1.6em&#8221; text_line_height_last_edited=&#8221;on|desktop&#8221; header_2_font_size_tablet=&#8221;40px&#8221; header_2_font_size_phone=&#8221;30px&#8221; header_2_font_size_last_edited=&#8221;on|phone&#8221; locked=&#8221;off&#8221; global_colors_info=&#8221;{}&#8221;]<\/p>\n<h6>Zaj\u0119cia matematyczne<\/h6>\n<h4>CELE<\/h4>\n<ul>\n<li>Wyzwalanie wielostronnej aktywno\u015bci dzieci poprzez przyswajanie, odkrywanie, prze\u017cywanie i dzia\u0142anie.<\/li>\n<li>Kszta\u0142towanie logiki my\u015blenia, umiej\u0119tno\u015bci pokonywania trudno\u015bci.<\/li>\n<li>Porz\u0105dkowanie wielko\u015bci przedmiot\u00f3w wed\u0142ug malej\u0105cej lub rosn\u0105cej.<\/li>\n<li>Doskonalenie umiej\u0119tno\u015bci przeliczania przedmiot\u00f3w.<\/li>\n<li>Rozwijanie wyobra\u017ani i pomys\u0142owo\u015bci poprzez poprzez manipulowanie.<\/li>\n<\/ul>\n<p>&nbsp;<\/p>\n<p>[\/et_pb_text][et_pb_text _builder_version=&#8221;4.14.8&#8243; text_font=&#8221;||||||||&#8221; text_font_size=&#8221;15px&#8221; text_line_height=&#8221;2em&#8221; ul_font=&#8221;||||||||&#8221; ol_font=&#8221;||||||||&#8221; header_font=&#8221;||||||||&#8221; header_2_font=&#8221;||||||||&#8221; header_2_font_size=&#8221;50px&#8221; header_2_line_height=&#8221;1.3em&#8221; header_3_font=&#8221;||||||||&#8221; header_4_font=&#8221;|700||on|||||&#8221; header_4_text_color=&#8221;#ffdaa4&#8243; header_4_font_size=&#8221;12px&#8221; header_4_letter_spacing=&#8221;2px&#8221; header_4_line_height=&#8221;2em&#8221; header_5_font=&#8221;||||||||&#8221; header_6_font=&#8221;||||||||&#8221; custom_margin=&#8221;50px||||false|false&#8221; text_line_height_tablet=&#8221;&#8221; text_line_height_phone=&#8221;1.6em&#8221; text_line_height_last_edited=&#8221;on|desktop&#8221; header_2_font_size_tablet=&#8221;40px&#8221; header_2_font_size_phone=&#8221;30px&#8221; header_2_font_size_last_edited=&#8221;on|phone&#8221; locked=&#8221;off&#8221; global_colors_info=&#8221;{}&#8221;]<\/p>\n<h6>K\u00f3\u0142ko plastyczne<\/h6>\n<ul><\/ul>\n<p>&nbsp;<\/p>\n<p>[\/et_pb_text][et_pb_text _builder_version=&#8221;4.14.8&#8243; text_font=&#8221;||||||||&#8221; text_font_size=&#8221;15px&#8221; text_line_height=&#8221;2em&#8221; ul_font=&#8221;||||||||&#8221; ol_font=&#8221;||||||||&#8221; header_font=&#8221;||||||||&#8221; header_2_font=&#8221;||||||||&#8221; header_2_font_size=&#8221;50px&#8221; header_2_line_height=&#8221;1.3em&#8221; header_3_font=&#8221;||||||||&#8221; header_4_font=&#8221;|700||on|||||&#8221; header_4_text_color=&#8221;#ffdaa4&#8243; header_4_font_size=&#8221;12px&#8221; header_4_letter_spacing=&#8221;2px&#8221; header_4_line_height=&#8221;2em&#8221; header_5_font=&#8221;||||||||&#8221; header_6_font=&#8221;||||||||&#8221; custom_margin=&#8221;50px||||false|false&#8221; text_line_height_tablet=&#8221;&#8221; text_line_height_phone=&#8221;1.6em&#8221; text_line_height_last_edited=&#8221;on|desktop&#8221; header_2_font_size_tablet=&#8221;40px&#8221; header_2_font_size_phone=&#8221;30px&#8221; header_2_font_size_last_edited=&#8221;on|phone&#8221; locked=&#8221;off&#8221; global_colors_info=&#8221;{}&#8221;]<\/p>\n<h6>Zaj\u0119cia z gimnastyki korekcyjno-kompensacyjnej<\/h6>\n<h4>CELE<\/h4>\n<ul>\n<li>Podniesienie og\u00f3lnej kondycji i wydolno\u015bci organizmu dziecka.<\/li>\n<li>Uaktywnienie uk\u0142ad\u00f3w: narz\u0105du ruchu, kr\u0105\u017ceniowego, oddechowego.<\/li>\n<li>Wygaszanie nawyk\u00f3w istniej\u0105cych i wytworzenie nawyku prawid\u0142owego.<\/li>\n<li>Wyrobienie zdolno\u015bci do mo\u017cliwie d\u0142ugotrwa\u0142ego utrzymania skorygowanej postawy (wyrobienie wytrzyma\u0142o\u015bci posturalnej).<\/li>\n<\/ul>\n<p>&nbsp;<\/p>\n<p>[\/et_pb_text][et_pb_text _builder_version=&#8221;4.14.8&#8243; text_font=&#8221;||||||||&#8221; text_font_size=&#8221;15px&#8221; text_line_height=&#8221;2em&#8221; ul_font=&#8221;||||||||&#8221; ol_font=&#8221;||||||||&#8221; header_font=&#8221;||||||||&#8221; header_2_font=&#8221;||||||||&#8221; header_2_font_size=&#8221;50px&#8221; header_2_line_height=&#8221;1.3em&#8221; header_3_font=&#8221;||||||||&#8221; header_4_font=&#8221;|700||on|||||&#8221; header_4_text_color=&#8221;#ffdaa4&#8243; header_4_font_size=&#8221;12px&#8221; header_4_letter_spacing=&#8221;2px&#8221; header_4_line_height=&#8221;2em&#8221; header_5_font=&#8221;||||||||&#8221; header_6_font=&#8221;||||||||&#8221; custom_margin=&#8221;50px||||false|false&#8221; text_line_height_tablet=&#8221;&#8221; text_line_height_phone=&#8221;1.6em&#8221; text_line_height_last_edited=&#8221;on|desktop&#8221; header_2_font_size_tablet=&#8221;40px&#8221; header_2_font_size_phone=&#8221;30px&#8221; header_2_font_size_last_edited=&#8221;on|phone&#8221; locked=&#8221;off&#8221; global_colors_info=&#8221;{}&#8221;]<\/p>\n<h6>Zaj\u0119cia kulinarne<\/h6>\n<h4>CELE<\/h4>\n<ul>\n<li>Pog\u0142\u0119bianie wiedzy kulinarnej.<\/li>\n<li>Wykszta\u0142cenie umiej\u0119tno\u015bci przygotowywania samodzielnie prostych potraw.<\/li>\n<li>Usprawnienie funkcji manualnych poprzez obieranie i krojenie sk\u0142adnik\u00f3w.<\/li>\n<li>Rozwijanie aktywno\u015bci poznawczej, sprawno\u015bci manualnej i inwencji tw\u00f3rczej.<\/li>\n<\/ul>\n<p>[\/et_pb_text][et_pb_text _builder_version=&#8221;4.14.8&#8243; text_font=&#8221;||||||||&#8221; text_font_size=&#8221;15px&#8221; text_line_height=&#8221;2em&#8221; ul_font=&#8221;||||||||&#8221; ol_font=&#8221;||||||||&#8221; header_font=&#8221;||||||||&#8221; header_2_font=&#8221;||||||||&#8221; header_2_font_size=&#8221;50px&#8221; header_2_line_height=&#8221;1.3em&#8221; header_3_font=&#8221;||||||||&#8221; header_4_font=&#8221;|700||on|||||&#8221; header_4_text_color=&#8221;#ffdaa4&#8243; header_4_font_size=&#8221;12px&#8221; header_4_letter_spacing=&#8221;2px&#8221; header_4_line_height=&#8221;2em&#8221; header_5_font=&#8221;||||||||&#8221; header_6_font=&#8221;||||||||&#8221; custom_margin=&#8221;50px||||false|false&#8221; text_line_height_tablet=&#8221;&#8221; text_line_height_phone=&#8221;1.6em&#8221; text_line_height_last_edited=&#8221;on|desktop&#8221; header_2_font_size_tablet=&#8221;40px&#8221; header_2_font_size_phone=&#8221;30px&#8221; header_2_font_size_last_edited=&#8221;on|phone&#8221; locked=&#8221;off&#8221; global_colors_info=&#8221;{}&#8221;]<\/p>\n<h6>Zaj\u0119cia ruchowe<\/h6>\n<h4>CELE<\/h4>\n<ul>\n<li>Nabywanie umiej\u0119tno\u015bci wyra\u017cania muzyki ruchem.<\/li>\n<li>Rozwijanie r\u00f3\u017cnych form ekspresji podczas \u0142\u0105czenia\u00a0 r\u00f3\u017cnego typu rekwizyt\u00f3w z ruchem i muzyk\u0105.<\/li>\n<li>Kszta\u0142towanie sylwetki dzieci.<\/li>\n<li>Pobudzanie organizmu do pracy tlenowej.<\/li>\n<li>Wzmacnianie cech motorycznych.<\/li>\n<li>Integrowanie si\u0119 dzieci.<\/li>\n<\/ul>\n<p>[\/et_pb_text][et_pb_text _builder_version=&#8221;4.14.8&#8243; text_font=&#8221;||||||||&#8221; text_font_size=&#8221;15px&#8221; text_line_height=&#8221;2em&#8221; ul_font=&#8221;||||||||&#8221; ol_font=&#8221;||||||||&#8221; header_font=&#8221;||||||||&#8221; header_2_font=&#8221;||||||||&#8221; header_2_font_size=&#8221;50px&#8221; header_2_line_height=&#8221;1.3em&#8221; header_3_font=&#8221;||||||||&#8221; header_4_font=&#8221;|700||on|||||&#8221; header_4_text_color=&#8221;#ffdaa4&#8243; header_4_font_size=&#8221;12px&#8221; header_4_letter_spacing=&#8221;2px&#8221; header_4_line_height=&#8221;2em&#8221; header_5_font=&#8221;||||||||&#8221; header_6_font=&#8221;||||||||&#8221; custom_margin=&#8221;50px||||false|false&#8221; text_line_height_tablet=&#8221;&#8221; text_line_height_phone=&#8221;1.6em&#8221; text_line_height_last_edited=&#8221;on|desktop&#8221; header_2_font_size_tablet=&#8221;40px&#8221; header_2_font_size_phone=&#8221;30px&#8221; header_2_font_size_last_edited=&#8221;on|phone&#8221; locked=&#8221;off&#8221; global_colors_info=&#8221;{}&#8221;]<\/p>\n<h6>Zaj\u0119cia folklorystyczne<\/h6>\n<h4>CELE<\/h4>\n<ul>\n<li>Nabywanie umiej\u0119tno\u015bci wykonywania podstawowych krok\u00f3w i figur podczas uk\u0142ad\u00f3w tanecznych.<\/li>\n<li>Wyrabianie u dzieci poczucia rytmu i s\u0142uchu.<\/li>\n<li>Rozwijanie u dzieci ich indywidualnych zdolno\u015bci\u00a0 fizycznych i tanecznych.<\/li>\n<li>Poznawanie stroj\u00f3w ludowych z r\u00f3\u017cnych region\u00f3w Polski.<\/li>\n<li>Rozwijanie postawy tw\u00f3rczej, koordynacji i sprawno\u015bci ruchowej.<\/li>\n<\/ul>\n<p>[\/et_pb_text][et_pb_text _builder_version=&#8221;4.14.8&#8243; text_font=&#8221;||||||||&#8221; text_font_size=&#8221;15px&#8221; text_line_height=&#8221;2em&#8221; ul_font=&#8221;||||||||&#8221; ol_font=&#8221;||||||||&#8221; header_font=&#8221;||||||||&#8221; header_2_font=&#8221;||||||||&#8221; header_2_font_size=&#8221;50px&#8221; header_2_line_height=&#8221;1.3em&#8221; header_3_font=&#8221;||||||||&#8221; header_4_font=&#8221;|700||on|||||&#8221; header_4_text_color=&#8221;#ffdaa4&#8243; header_4_font_size=&#8221;12px&#8221; header_4_letter_spacing=&#8221;2px&#8221; header_4_line_height=&#8221;2em&#8221; header_5_font=&#8221;||||||||&#8221; header_6_font=&#8221;||||||||&#8221; custom_margin=&#8221;50px||||false|false&#8221; text_line_height_tablet=&#8221;&#8221; text_line_height_phone=&#8221;1.6em&#8221; text_line_height_last_edited=&#8221;on|desktop&#8221; header_2_font_size_tablet=&#8221;40px&#8221; header_2_font_size_phone=&#8221;30px&#8221; header_2_font_size_last_edited=&#8221;on|phone&#8221; locked=&#8221;off&#8221; global_colors_info=&#8221;{}&#8221;]<\/p>\n<h6>Zaj\u0119cia przyrodnicze<\/h6>\n<h4>CELE<\/h4>\n<ul>\n<li>Poznawanie flory i fauny w odniesieniu do p\u00f3r roku.<\/li>\n<li>Poznawanie zjawisk atmosferycznych.<\/li>\n<li>Poznawanie znaczenia wody i powietrza w \u015bwiecie przyrody.<\/li>\n<li>Poznawanie zasad ochrony \u015brodowiska.<\/li>\n<li>Poznawanie naszego organizmu oraz zachowa\u0144\u00a0 pomagaj\u0105cych wew\u0142a\u015bciwym dbaniu o niego.<\/li>\n<li>Poznawanie i rozumienie kosmosu<\/li>\n<\/ul>\n<p>[\/et_pb_text][et_pb_text _builder_version=&#8221;4.14.8&#8243; text_font=&#8221;||||||||&#8221; text_font_size=&#8221;15px&#8221; text_line_height=&#8221;2em&#8221; ul_font=&#8221;||||||||&#8221; ol_font=&#8221;||||||||&#8221; header_font=&#8221;||||||||&#8221; header_2_font=&#8221;||||||||&#8221; header_2_font_size=&#8221;50px&#8221; header_2_line_height=&#8221;1.3em&#8221; header_3_font=&#8221;||||||||&#8221; header_4_font=&#8221;|700||on|||||&#8221; header_4_text_color=&#8221;#ffdaa4&#8243; header_4_font_size=&#8221;12px&#8221; header_4_letter_spacing=&#8221;2px&#8221; header_4_line_height=&#8221;2em&#8221; header_5_font=&#8221;||||||||&#8221; header_6_font=&#8221;||||||||&#8221; custom_margin=&#8221;50px||||false|false&#8221; text_line_height_tablet=&#8221;&#8221; text_line_height_phone=&#8221;1.6em&#8221; text_line_height_last_edited=&#8221;on|desktop&#8221; header_2_font_size_tablet=&#8221;40px&#8221; header_2_font_size_phone=&#8221;30px&#8221; header_2_font_size_last_edited=&#8221;on|phone&#8221; locked=&#8221;off&#8221; global_colors_info=&#8221;{}&#8221;]<\/p>\n<h6>Zaj\u0119cia logopedyczne<\/h6>\n<h4>CELE<\/h4>\n<ul>\n<li>Zapobieganie powstawaniu ewentualnych zaburze\u0144 mowy dziecka oraz stymulowanie jego rozwoju.<\/li>\n<li>Umiej\u0119tno\u015b\u0107 sprawnego komunikowania si\u0119 z r\u00f3wie\u015bnikami i doros\u0142ymi.<\/li>\n<li>Poprawna artykulacja g\u0142osek.<\/li>\n<li>Osi\u0105gni\u0119cie sprawno\u015bci strony artykulacyjnej, gramatycznej i leksykalnej mowy.<\/li>\n<li>Poprawna wymowa wyraz\u00f3w w zakresie omawianych g\u0142osek.<\/li>\n<\/ul>\n<p>[\/et_pb_text][et_pb_text _builder_version=&#8221;4.14.8&#8243; text_font=&#8221;||||||||&#8221; text_font_size=&#8221;15px&#8221; text_line_height=&#8221;2em&#8221; ul_font=&#8221;||||||||&#8221; ol_font=&#8221;||||||||&#8221; header_font=&#8221;||||||||&#8221; header_2_font=&#8221;||||||||&#8221; header_2_font_size=&#8221;50px&#8221; header_2_line_height=&#8221;1.3em&#8221; header_3_font=&#8221;||||||||&#8221; header_4_font=&#8221;|700||on|||||&#8221; header_4_text_color=&#8221;#ffdaa4&#8243; header_4_font_size=&#8221;12px&#8221; header_4_letter_spacing=&#8221;2px&#8221; header_4_line_height=&#8221;2em&#8221; header_5_font=&#8221;||||||||&#8221; header_6_font=&#8221;||||||||&#8221; custom_margin=&#8221;50px||||false|false&#8221; text_line_height_tablet=&#8221;&#8221; text_line_height_phone=&#8221;1.6em&#8221; text_line_height_last_edited=&#8221;on|desktop&#8221; header_2_font_size_tablet=&#8221;40px&#8221; header_2_font_size_phone=&#8221;30px&#8221; header_2_font_size_last_edited=&#8221;on|phone&#8221; locked=&#8221;off&#8221; global_colors_info=&#8221;{}&#8221;]<\/p>\n<h6>Zaj\u0119cia z j\u0119zyka angielskiego<\/h6>\n<h4>CEL<\/h4>\n<p>[\/et_pb_text][\/et_pb_column][\/et_pb_row][\/et_pb_section]<\/p>\n","protected":false},"excerpt":{"rendered":"<p>Zaj\u0119cia dodatkoweZaj\u0119cia matematyczne CELE Wyzwalanie wielostronnej aktywno\u015bci dzieci poprzez przyswajanie, odkrywanie, prze\u017cywanie i dzia\u0142anie. Kszta\u0142towanie logiki my\u015blenia, umiej\u0119tno\u015bci pokonywania trudno\u015bci. Porz\u0105dkowanie wielko\u015bci przedmiot\u00f3w wed\u0142ug malej\u0105cej lub rosn\u0105cej. Doskonalenie umiej\u0119tno\u015bci przeliczania przedmiot\u00f3w. Rozwijanie wyobra\u017ani i pomys\u0142owo\u015bci poprzez poprzez manipulowanie. &nbsp;K\u00f3\u0142ko plastyczne &nbsp;Zaj\u0119cia z gimnastyki korekcyjno-kompensacyjnej CELE Podniesienie og\u00f3lnej kondycji i wydolno\u015bci organizmu dziecka. Uaktywnienie uk\u0142ad\u00f3w: narz\u0105du [&hellip;]<\/p>\n","protected":false},"author":1,"featured_media":0,"parent":0,"menu_order":0,"comment_status":"closed","ping_status":"closed","template":"","meta":{"_et_pb_use_builder":"on","_et_pb_old_content":"<!-- wp:divi\/placeholder \/-->","_et_gb_content_width":"","footnotes":""},"class_list":["post-299","page","type-page","status-publish","hentry"],"_links":{"self":[{"href":"https:\/\/przedszkoleczekanow.pl\/index.php?rest_route=\/wp\/v2\/pages\/299","targetHints":{"allow":["GET"]}}],"collection":[{"href":"https:\/\/przedszkoleczekanow.pl\/index.php?rest_route=\/wp\/v2\/pages"}],"about":[{"href":"https:\/\/przedszkoleczekanow.pl\/index.php?rest_route=\/wp\/v2\/types\/page"}],"author":[{"embeddable":true,"href":"https:\/\/przedszkoleczekanow.pl\/index.php?rest_route=\/wp\/v2\/users\/1"}],"replies":[{"embeddable":true,"href":"https:\/\/przedszkoleczekanow.pl\/index.php?rest_route=%2Fwp%2Fv2%2Fcomments&post=299"}],"version-history":[{"count":6,"href":"https:\/\/przedszkoleczekanow.pl\/index.php?rest_route=\/wp\/v2\/pages\/299\/revisions"}],"predecessor-version":[{"id":858,"href":"https:\/\/przedszkoleczekanow.pl\/index.php?rest_route=\/wp\/v2\/pages\/299\/revisions\/858"}],"wp:attachment":[{"href":"https:\/\/przedszkoleczekanow.pl\/index.php?rest_route=%2Fwp%2Fv2%2Fmedia&parent=299"}],"curies":[{"name":"wp","href":"https:\/\/api.w.org\/{rel}","templated":true}]}}