{"id":673,"date":"2022-04-25T06:15:03","date_gmt":"2022-04-25T06:15:03","guid":{"rendered":"https:\/\/przedszkoleczekanow.pl\/?page_id=673"},"modified":"2026-03-02T21:00:08","modified_gmt":"2026-03-02T21:00:08","slug":"nasza-kadra","status":"publish","type":"page","link":"https:\/\/przedszkoleczekanow.pl\/?page_id=673","title":{"rendered":"Nasza kadra"},"content":{"rendered":"\n<figure class=\"wp-block-gallery has-nested-images columns-default is-cropped wp-block-gallery-1 is-layout-flex wp-block-gallery-is-layout-flex\">\n<figure class=\"wp-block-image size-large\"><img loading=\"lazy\" decoding=\"async\" width=\"2560\" height=\"1707\" data-id=\"669\" src=\"https:\/\/przedszkoleczekanow.pl\/wp-content\/uploads\/2022\/04\/mgr-Violetta-Drygala-dyrektor-1-scaled.jpg\" alt=\"\" class=\"wp-image-669\" srcset=\"https:\/\/przedszkoleczekanow.pl\/wp-content\/uploads\/2022\/04\/mgr-Violetta-Drygala-dyrektor-1-scaled.jpg 2560w, https:\/\/przedszkoleczekanow.pl\/wp-content\/uploads\/2022\/04\/mgr-Violetta-Drygala-dyrektor-1-1280x854.jpg 1280w, https:\/\/przedszkoleczekanow.pl\/wp-content\/uploads\/2022\/04\/mgr-Violetta-Drygala-dyrektor-1-980x653.jpg 980w, https:\/\/przedszkoleczekanow.pl\/wp-content\/uploads\/2022\/04\/mgr-Violetta-Drygala-dyrektor-1-480x320.jpg 480w\" sizes=\"auto, (min-width: 0px) and (max-width: 480px) 480px, (min-width: 481px) and (max-width: 980px) 980px, (min-width: 981px) and (max-width: 1280px) 1280px, (min-width: 1281px) 2560px, 100vw\" \/><figcaption class=\"wp-element-caption\">Dyrektor mgr Violetta Dryga\u0142a<\/figcaption><\/figure>\n\n\n\n<figure class=\"wp-block-image size-large\"><img decoding=\"async\" data-id=\"665\" src=\"https:\/\/przedszkoleczekanow.pl\/wp-content\/uploads\/2022\/04\/mgr-Beata-Kolanska-wychowanie-przedszkolne-1-scaled.jpg\" alt=\"\" class=\"wp-image-665\"\/><figcaption class=\"wp-element-caption\">Nauczyciel mgr Beata Kola\u0144ska<\/figcaption><\/figure>\n\n\n\n<figure class=\"wp-block-image size-large\"><img loading=\"lazy\" decoding=\"async\" width=\"2560\" height=\"1707\" data-id=\"666\" src=\"https:\/\/przedszkoleczekanow.pl\/wp-content\/uploads\/2022\/04\/mgr-Eliza-Korczak-wychowanie-przedszkolne-pedagog-specjalny-terapeuta-SI-oligofrenopedagog-gimnastyka-korekcyjna-zajecia-korekcyjno-kompensacyjne-scaled.jpg\" alt=\"\" class=\"wp-image-666\" srcset=\"https:\/\/przedszkoleczekanow.pl\/wp-content\/uploads\/2022\/04\/mgr-Eliza-Korczak-wychowanie-przedszkolne-pedagog-specjalny-terapeuta-SI-oligofrenopedagog-gimnastyka-korekcyjna-zajecia-korekcyjno-kompensacyjne-scaled.jpg 2560w, https:\/\/przedszkoleczekanow.pl\/wp-content\/uploads\/2022\/04\/mgr-Eliza-Korczak-wychowanie-przedszkolne-pedagog-specjalny-terapeuta-SI-oligofrenopedagog-gimnastyka-korekcyjna-zajecia-korekcyjno-kompensacyjne-1280x854.jpg 1280w, https:\/\/przedszkoleczekanow.pl\/wp-content\/uploads\/2022\/04\/mgr-Eliza-Korczak-wychowanie-przedszkolne-pedagog-specjalny-terapeuta-SI-oligofrenopedagog-gimnastyka-korekcyjna-zajecia-korekcyjno-kompensacyjne-980x653.jpg 980w, https:\/\/przedszkoleczekanow.pl\/wp-content\/uploads\/2022\/04\/mgr-Eliza-Korczak-wychowanie-przedszkolne-pedagog-specjalny-terapeuta-SI-oligofrenopedagog-gimnastyka-korekcyjna-zajecia-korekcyjno-kompensacyjne-480x320.jpg 480w\" sizes=\"auto, (min-width: 0px) and (max-width: 480px) 480px, (min-width: 481px) and (max-width: 980px) 980px, (min-width: 981px) and (max-width: 1280px) 1280px, (min-width: 1281px) 2560px, 100vw\" \/><figcaption class=\"wp-element-caption\">Nauczyciel mgr Eliza Korczak<\/figcaption><\/figure>\n\n\n\n<figure class=\"wp-block-image size-large\"><img decoding=\"async\" data-id=\"670\" src=\"https:\/\/przedszkoleczekanow.pl\/wp-content\/uploads\/2022\/04\/mgr-Zbigniewa-Rachwalsk-wychowanie-przedszkolne-religia-oligofrenopedagog-scaled.jpg\" alt=\"\" class=\"wp-image-670\"\/><figcaption class=\"wp-element-caption\">Nauczyciel mgr Zbigniewa Rachwalska<\/figcaption><\/figure>\n<\/figure>\n\n\n\n<figure class=\"wp-block-gallery has-nested-images columns-default is-cropped wp-block-gallery-2 is-layout-flex wp-block-gallery-is-layout-flex\"><\/figure>\n\n\n\n<figure class=\"wp-block-gallery has-nested-images columns-default is-cropped wp-block-gallery-3 is-layout-flex wp-block-gallery-is-layout-flex\">\n<figure class=\"wp-block-image size-large\"><img loading=\"lazy\" decoding=\"async\" width=\"1024\" height=\"683\" data-id=\"1079\" src=\"https:\/\/przedszkoleczekanow.pl\/wp-content\/uploads\/2022\/06\/Malgorzata-Olszanowska-intendent-pomoc-administracyjna-1024x683.jpg\" alt=\"\" class=\"wp-image-1079\" srcset=\"https:\/\/przedszkoleczekanow.pl\/wp-content\/uploads\/2022\/06\/Malgorzata-Olszanowska-intendent-pomoc-administracyjna-980x653.jpg 980w, https:\/\/przedszkoleczekanow.pl\/wp-content\/uploads\/2022\/06\/Malgorzata-Olszanowska-intendent-pomoc-administracyjna-480x320.jpg 480w\" sizes=\"auto, (min-width: 0px) and (max-width: 480px) 480px, (min-width: 481px) and (max-width: 980px) 980px, (min-width: 981px) 1024px, 100vw\" \/><figcaption class=\"wp-element-caption\">Ma\u0142gorzata Olszanowska &#8211; intendent, pomoc administracyjna<\/figcaption><\/figure>\n<\/figure>\n\n\n\n<figure class=\"wp-block-gallery has-nested-images columns-default is-cropped wp-block-gallery-4 is-layout-flex wp-block-gallery-is-layout-flex\">\n<figure class=\"wp-block-image size-large\"><img loading=\"lazy\" decoding=\"async\" width=\"1024\" height=\"683\" data-id=\"1083\" src=\"https:\/\/przedszkoleczekanow.pl\/wp-content\/uploads\/2022\/06\/Iwona-Kempinska-dzial-obslugi-Marzena-Bednarczyk-pomoc-kuchenna-1024x683.jpg\" alt=\"\" class=\"wp-image-1083\" srcset=\"https:\/\/przedszkoleczekanow.pl\/wp-content\/uploads\/2022\/06\/Iwona-Kempinska-dzial-obslugi-Marzena-Bednarczyk-pomoc-kuchenna-980x653.jpg 980w, https:\/\/przedszkoleczekanow.pl\/wp-content\/uploads\/2022\/06\/Iwona-Kempinska-dzial-obslugi-Marzena-Bednarczyk-pomoc-kuchenna-480x320.jpg 480w\" sizes=\"auto, (min-width: 0px) and (max-width: 480px) 480px, (min-width: 481px) and (max-width: 980px) 980px, (min-width: 981px) 1024px, 100vw\" \/><figcaption class=\"wp-element-caption\">Iwona Kempi\u0144ska &#8211; dzie\u0142 obs\u0142ugi                   Marzena Bednarczyk &#8211; pomoc kuchenna<\/figcaption><\/figure>\n<\/figure>\n\n\n\n<figure class=\"wp-block-gallery has-nested-images columns-default is-cropped wp-block-gallery-5 is-layout-flex wp-block-gallery-is-layout-flex\">\n<figure class=\"wp-block-image size-large\"><img loading=\"lazy\" decoding=\"async\" width=\"1024\" height=\"683\" data-id=\"1084\" src=\"https:\/\/przedszkoleczekanow.pl\/wp-content\/uploads\/2022\/06\/Jolanta-Smykacz-szefowa-kuchni-1024x683.jpg\" alt=\"\" class=\"wp-image-1084\" srcset=\"https:\/\/przedszkoleczekanow.pl\/wp-content\/uploads\/2022\/06\/Jolanta-Smykacz-szefowa-kuchni-980x653.jpg 980w, https:\/\/przedszkoleczekanow.pl\/wp-content\/uploads\/2022\/06\/Jolanta-Smykacz-szefowa-kuchni-480x320.jpg 480w\" sizes=\"auto, (min-width: 0px) and (max-width: 480px) 480px, (min-width: 481px) and (max-width: 980px) 980px, (min-width: 981px) 1024px, 100vw\" \/><figcaption class=\"wp-element-caption\">Jolanta Smykacz &#8211; szefowa kuchni<\/figcaption><\/figure>\n<\/figure>\n\n\n\n<figure class=\"wp-block-gallery has-nested-images columns-default is-cropped wp-block-gallery-6 is-layout-flex wp-block-gallery-is-layout-flex\">\n<figure class=\"wp-block-image size-large\"><img loading=\"lazy\" decoding=\"async\" width=\"1024\" height=\"683\" data-id=\"1085\" src=\"https:\/\/przedszkoleczekanow.pl\/wp-content\/uploads\/2022\/06\/mgr-Szymon-Blachowski-rytmika-1024x683.jpg\" alt=\"\" class=\"wp-image-1085\" srcset=\"https:\/\/przedszkoleczekanow.pl\/wp-content\/uploads\/2022\/06\/mgr-Szymon-Blachowski-rytmika-980x654.jpg 980w, https:\/\/przedszkoleczekanow.pl\/wp-content\/uploads\/2022\/06\/mgr-Szymon-Blachowski-rytmika-480x320.jpg 480w\" sizes=\"auto, (min-width: 0px) and (max-width: 480px) 480px, (min-width: 481px) and (max-width: 980px) 980px, (min-width: 981px) 1024px, 100vw\" \/><figcaption class=\"wp-element-caption\">mgr Szymon Blachowski &#8211; rytmika<\/figcaption><\/figure>\n<\/figure>\n","protected":false},"excerpt":{"rendered":"","protected":false},"author":2,"featured_media":0,"parent":0,"menu_order":0,"comment_status":"closed","ping_status":"closed","template":"","meta":{"_et_pb_use_builder":"off","_et_pb_old_content":"<!-- wp:gallery {\"linkTo\":\"none\"} -->\n<figure class=\"wp-block-gallery has-nested-images columns-default is-cropped\"><!-- wp:image {\"id\":669,\"sizeSlug\":\"large\",\"linkDestination\":\"none\"} -->\n<figure class=\"wp-block-image size-large\"><img src=\"https:\/\/przedszkoleczekanow.pl\/wp-content\/uploads\/2022\/04\/mgr-Violetta-Drygala-dyrektor-1-scaled.jpg\" alt=\"\" class=\"wp-image-669\"\/><figcaption>Dyrektor mgr Violetta Dryga\u0142a<\/figcaption><\/figure>\n<!-- \/wp:image -->\n\n<!-- wp:image {\"id\":665,\"sizeSlug\":\"large\",\"linkDestination\":\"none\"} -->\n<figure class=\"wp-block-image size-large\"><img src=\"https:\/\/przedszkoleczekanow.pl\/wp-content\/uploads\/2022\/04\/mgr-Beata-Kolanska-wychowanie-przedszkolne-1-scaled.jpg\" alt=\"\" class=\"wp-image-665\"\/><figcaption>Nauczyciel mgr Beata Kola\u0144ska<\/figcaption><\/figure>\n<!-- \/wp:image -->\n\n<!-- wp:image {\"id\":667,\"sizeSlug\":\"large\",\"linkDestination\":\"none\"} -->\n<figure class=\"wp-block-image size-large\"><img src=\"https:\/\/przedszkoleczekanow.pl\/wp-content\/uploads\/2022\/04\/mgr-Iwona-Kornacka-wychowanie-Przedszkolne-jezyk-angielski-1-scaled.jpg\" alt=\"\" class=\"wp-image-667\"\/><figcaption>Nauczyciel mgr Iwona Kornacka<\/figcaption><\/figure>\n<!-- \/wp:image -->\n\n<!-- wp:image {\"id\":666,\"sizeSlug\":\"large\",\"linkDestination\":\"none\"} -->\n<figure class=\"wp-block-image size-large\"><img src=\"https:\/\/przedszkoleczekanow.pl\/wp-content\/uploads\/2022\/04\/mgr-Eliza-Korczak-wychowanie-przedszkolne-pedagog-specjalny-terapeuta-SI-oligofrenopedagog-gimnastyka-korekcyjna-zajecia-korekcyjno-kompensacyjne-scaled.jpg\" alt=\"\" class=\"wp-image-666\"\/><figcaption>Nauczyciel mgr Eliza Korczak<\/figcaption><\/figure>\n<!-- \/wp:image -->\n\n<!-- wp:image {\"id\":670,\"sizeSlug\":\"large\",\"linkDestination\":\"none\"} -->\n<figure class=\"wp-block-image size-large\"><img src=\"https:\/\/przedszkoleczekanow.pl\/wp-content\/uploads\/2022\/04\/mgr-Zbigniewa-Rachwalsk-wychowanie-przedszkolne-religia-oligofrenopedagog-scaled.jpg\" alt=\"\" class=\"wp-image-670\"\/><figcaption>Nauczyciel mgr Zbigniewa Rachwalska<\/figcaption><\/figure>\n<!-- \/wp:image --><\/figure>\n<!-- \/wp:gallery -->","_et_gb_content_width":"","footnotes":""},"class_list":["post-673","page","type-page","status-publish","hentry"],"_links":{"self":[{"href":"https:\/\/przedszkoleczekanow.pl\/index.php?rest_route=\/wp\/v2\/pages\/673","targetHints":{"allow":["GET"]}}],"collection":[{"href":"https:\/\/przedszkoleczekanow.pl\/index.php?rest_route=\/wp\/v2\/pages"}],"about":[{"href":"https:\/\/przedszkoleczekanow.pl\/index.php?rest_route=\/wp\/v2\/types\/page"}],"author":[{"embeddable":true,"href":"https:\/\/przedszkoleczekanow.pl\/index.php?rest_route=\/wp\/v2\/users\/2"}],"replies":[{"embeddable":true,"href":"https:\/\/przedszkoleczekanow.pl\/index.php?rest_route=%2Fwp%2Fv2%2Fcomments&post=673"}],"version-history":[{"count":18,"href":"https:\/\/przedszkoleczekanow.pl\/index.php?rest_route=\/wp\/v2\/pages\/673\/revisions"}],"predecessor-version":[{"id":3595,"href":"https:\/\/przedszkoleczekanow.pl\/index.php?rest_route=\/wp\/v2\/pages\/673\/revisions\/3595"}],"wp:attachment":[{"href":"https:\/\/przedszkoleczekanow.pl\/index.php?rest_route=%2Fwp%2Fv2%2Fmedia&parent=673"}],"curies":[{"name":"wp","href":"https:\/\/api.w.org\/{rel}","templated":true}]}}